{"id":70,"date":"2021-09-01T14:17:54","date_gmt":"2021-09-01T14:17:54","guid":{"rendered":"https:\/\/bwm-partner.de\/?page_id=70"},"modified":"2025-05-07T08:47:21","modified_gmt":"2025-05-07T08:47:21","slug":"stellenangebote","status":"publish","type":"page","link":"https:\/\/bwm-partner.de\/index.php\/stellenangebote\/","title":{"rendered":"Stellenangebote"},"content":{"rendered":"\n<p class=\"has-medium-font-size\"><strong>Sekretariat<\/strong><\/p>\n\n\n\n<p>Derzeit sind alle Stellen besetzt.<\/p>\n\n\n\n<p><\/p>\n\n\n\n<p class=\"has-medium-font-size\"><strong>Referendariat<\/strong><\/p>\n\n\n\n<p>Wir bilden Referendarinnen \/ Referendare (m\/w\/d) aus.<\/p>\n\n\n\n<p>Als Kanzlei mit dem Schwerpunkt Verkehrsrecht bieten wir eine examensrelevante Ausbildung mit der M\u00f6glichkeit die unterschiedlichen Facetten des Verkehrsrechts, von der Schadensregulierung, \u00fcber das Kauf- und Leasingrecht, das Versicherungsrecht, das Verkehrsverwaltungsrecht und das einschl\u00e4gige Straf- und Ordnungswidrigkeitenrecht kennen zu lernen und zu bearbeiten. Die Betreuung erfolgt \u00fcber einen unserer erfahrenen Anw\u00e4lte. Das Team steht mit Rat und Tat zur Seite.<\/p>\n\n\n\n<p>Das Ausbildungsangebot richtet sich vornehmlich an Referendare in der Anwaltsstation. Eine Ausbildung in der Wahlstation ist auch m\u00f6glich.<\/p>\n\n\n\n<p>Wir freuen uns auf Ihre aussagekr\u00e4ftigen Bewerbungsunterlagen (Bewerbungsschreiben, wesentliche Zeugnisse, Lebenslauf; Foto ist nicht notwendig), die selbstverst\u00e4ndlich vertraulich behandelt werden, an:<\/p>\n\n\n\n<p>BWM Rechtsanw\u00e4lte, Herrn Rechtsanwalt Christoph R. M\u00fcller, Riemannstr. 29 b, 04107 Leipzig, bewerbung@bwm-partner.de<\/p>\n\n\n\n<p><\/p>\n\n\n\n<p class=\"has-medium-font-size\"><strong>Studentische Mitarbeiter<\/strong><\/p>\n\n\n\n<p>Wir bieten engagierten und motivierten Studentinnen \/ Studenten (m\/w\/d) der Rechtswissenschaften die M\u00f6glichkeit der Nebent\u00e4tigkeit im Rahmen einer geringf\u00fcgigen Besch\u00e4ftigung.<\/p>\n\n\n\n<p>In einem eingespielten Team unterst\u00fctzen unsere studentischen Mitarbeiter:innen bei der Bearbeitung der Schadensregulierung im Verkehrsunfallrecht. Dies umfasst die Aufbereitung der Akten, die Kommunikation mit Mandanten, Versicherern, Leasinggesellschaften und Banken sowie die Vorbereitung von Schreiben und Schrifts\u00e4tzen.<\/p>\n\n\n\n<p>Zugleich bietet die T\u00e4tigkeit die Gelegenheit den Ablauf einer spezialisierten Rechtsanwaltskanzlei kennen zu lernen. Quasi nebenbei kann man Erfahrungen in der praktischen Bearbeitung von Mandaten im Kauf- und Leasingrecht, im Versicherungsrecht, im Verkehrsverwaltungsrecht und im Straf- und Ordnungswidrigkeitenrecht sammeln.<\/p>\n\n\n\n<p>Wir freuen uns auf Ihre aussagekr\u00e4ftigen Bewerbungsunterlagen (Bewerbungsschreiben, wesentliche Zeugnisse, Lebenslauf; Foto ist nicht notwendig), die selbstverst\u00e4ndlich vertraulich behandelt werden, an:<\/p>\n\n\n\n<p>BWM Rechtsanw\u00e4lte, Herrn Rechtsanwalt Christoph R. M\u00fcller, Riemannstr. 29 b, 04107 Leipzig, bewerbung@bwm-partner.de<\/p>\n\n\n\n<p><\/p>\n\n\n\n<p><strong>Hinweise zum Datenschutz:<\/strong><\/p>\n\n\n\n<p>Informationen f\u00fcr die verschl\u00fcsselte E-Mail-Kommunikation (PGP-Schl\u00fcssel) erhalten Sie telefonisch bei Herrn Rechtsanwalt Christoph R. M\u00fcller unter 0341 68672452. Soweit Sie Unterlagen unverschl\u00fcsselt per E-Mail \u00fcbersenden, wird dies als Einwilligung dahingehend aufgefasst, dass Sie im Bewerbungsverfahren auch im \u00dcbrigen mit der unverschl\u00fcsselten E-Mail-Kommunikation einverstanden sind.<\/p>\n\n\n\n<p><strong>Transparenzhinweis gem\u00e4\u00df Art. 13 Abs. 1 der Datenschutz-Grundverordnung (DSGVO):<\/strong><\/p>\n\n\n\n<p>Im Rahmen des Bewerbungsverfahrens werden personenbezogene Daten von Bewerberinnen und Bewerbern verarbeitet.<\/p>\n\n\n\n<h4 class=\"wp-block-heading\">Hinweis f\u00fcr Vermittler, Agenturen, B\u00fcrodienstleister, und Zeitarbeitsunternehmen:<\/h4>\n\n\n\n<p>Die \u00dcbernahme dieses Angebots in Datenbanken von gewerblichen Stellenvermittlungen oder vergleichweisen Onlineangeboten ist <strong>untersagt.<\/strong> Das Stellenangebot richtet sich ausschlie\u00dflich an nat\u00fcrliche Personen. Eine Kontaktaufnahmen von gewerblichen Stellenvermittlern ist <strong>nicht erw\u00fcnscht<\/strong><\/p>\n","protected":false},"excerpt":{"rendered":"<p>Sekretariat Derzeit sind alle Stellen besetzt. Referendariat Wir bilden Referendarinnen \/ Referendare (m\/w\/d) aus. Als Kanzlei mit dem Schwerpunkt Verkehrsrecht bieten wir eine examensrelevante Ausbildung mit der M\u00f6glichkeit die unterschiedlichen Facetten des Verkehrsrechts, von der Schadensregulierung, \u00fcber das Kauf- und Leasingrecht, das Versicherungsrecht, das Verkehrsverwaltungsrecht und das einschl\u00e4gige Straf- und Ordnungswidrigkeitenrecht kennen zu lernen und &hellip; <a href=\"https:\/\/bwm-partner.de\/index.php\/stellenangebote\/\" class=\"more-link\"><span class=\"screen-reader-text\">\u201eStellenangebote\u201c <\/span>weiterlesen<\/a><\/p>\n","protected":false},"author":1,"featured_media":0,"parent":0,"menu_order":0,"comment_status":"closed","ping_status":"closed","template":"","meta":{"footnotes":""},"class_list":["post-70","page","type-page","status-publish","hentry"],"_links":{"self":[{"href":"https:\/\/bwm-partner.de\/index.php\/wp-json\/wp\/v2\/pages\/70","targetHints":{"allow":["GET"]}}],"collection":[{"href":"https:\/\/bwm-partner.de\/index.php\/wp-json\/wp\/v2\/pages"}],"about":[{"href":"https:\/\/bwm-partner.de\/index.php\/wp-json\/wp\/v2\/types\/page"}],"author":[{"embeddable":true,"href":"https:\/\/bwm-partner.de\/index.php\/wp-json\/wp\/v2\/users\/1"}],"replies":[{"embeddable":true,"href":"https:\/\/bwm-partner.de\/index.php\/wp-json\/wp\/v2\/comments?post=70"}],"version-history":[{"count":11,"href":"https:\/\/bwm-partner.de\/index.php\/wp-json\/wp\/v2\/pages\/70\/revisions"}],"predecessor-version":[{"id":117,"href":"https:\/\/bwm-partner.de\/index.php\/wp-json\/wp\/v2\/pages\/70\/revisions\/117"}],"wp:attachment":[{"href":"https:\/\/bwm-partner.de\/index.php\/wp-json\/wp\/v2\/media?parent=70"}],"curies":[{"name":"wp","href":"https:\/\/api.w.org\/{rel}","templated":true}]}}